{"id":14224,"date":"2024-12-04T12:15:37","date_gmt":"2024-12-04T11:15:37","guid":{"rendered":"https:\/\/www.saldac.ch\/?post_type=product&#038;p=14224"},"modified":"2026-03-31T14:13:40","modified_gmt":"2026-03-31T12:13:40","slug":"chale-en-laine-dalpaga","status":"publish","type":"product","link":"https:\/\/www.saldac.ch\/de\/produkt\/chale-en-laine-dalpaga\/","title":{"rendered":"Ch\u00e2le en laine d\u2019alpaga"},"content":{"rendered":"<p>Uniquement en pr\u00e9commande pour les professionnels. Ch\u00e2le en pure laine d\u2019alpaga, teintures et couleurs naturelles, maille a\u00e9r\u00e9e qui donne un effet de volume, uni et l\u00e9ger se porte bien.<\/p>\n<p>Uniquement en pr\u00e9commande<\/p>","protected":false},"excerpt":{"rendered":"<p>Uniquement en pr\u00e9commande pour les professionnels. Ch\u00e2le en laine d\u2019alpaga<\/p>","protected":false},"featured_media":14229,"template":"","meta":{"inline_featured_image":false},"product_cat":[576],"product_tag":[],"_links":{"self":[{"href":"https:\/\/www.saldac.ch\/de\/wp-json\/wp\/v2\/product\/14224"}],"collection":[{"href":"https:\/\/www.saldac.ch\/de\/wp-json\/wp\/v2\/product"}],"about":[{"href":"https:\/\/www.saldac.ch\/de\/wp-json\/wp\/v2\/types\/product"}],"wp:featuredmedia":[{"embeddable":true,"href":"https:\/\/www.saldac.ch\/de\/wp-json\/wp\/v2\/media\/14229"}],"wp:attachment":[{"href":"https:\/\/www.saldac.ch\/de\/wp-json\/wp\/v2\/media?parent=14224"}],"wp:term":[{"taxonomy":"product_cat","embeddable":true,"href":"https:\/\/www.saldac.ch\/de\/wp-json\/wp\/v2\/product_cat?post=14224"},{"taxonomy":"product_tag","embeddable":true,"href":"https:\/\/www.saldac.ch\/de\/wp-json\/wp\/v2\/product_tag?post=14224"}],"curies":[{"name":"wp","href":"https:\/\/api.w.org\/{rel}","templated":true}]}}