{"id":14230,"date":"2024-12-04T12:22:52","date_gmt":"2024-12-04T11:22:52","guid":{"rendered":"https:\/\/www.saldac.ch\/?post_type=product&#038;p=14230"},"modified":"2026-03-31T14:13:39","modified_gmt":"2026-03-31T12:13:39","slug":"chullo-fin-en-teinture-naturelle-modele-enfant-pure-alpaga","status":"publish","type":"product","link":"https:\/\/www.saldac.ch\/de\/produkt\/chullo-fin-en-teinture-naturelle-modele-enfant-pure-alpaga\/","title":{"rendered":"Chullo fin en teinture naturelle, mod\u00e8le enfant, pure alpaga"},"content":{"rendered":"<p>Uniquement en pr\u00e9commande pour les professionnels. Ce sont les bonnets p\u00e9ruviens avec cache oreilles, enti\u00e8rement color\u00e9s avec des teintures naturelles \u00e0 base de plantes, de cochenille et d\u2019argile. En pure laine d\u2019alpaga tr\u00e8s doux et chaud. Taille de 12 mois \u00e0 8\/10 ans.<\/p>\n<p>Uniquement en pr\u00e9commande<\/p>","protected":false},"excerpt":{"rendered":"<p>Uniquement en pr\u00e9commande pour les professionnels. Chullo fin en teinture naturelle, mod\u00e8le enfant, pure alpaga<\/p>","protected":false},"featured_media":14246,"template":"","meta":{"inline_featured_image":false},"product_cat":[576],"product_tag":[],"_links":{"self":[{"href":"https:\/\/www.saldac.ch\/de\/wp-json\/wp\/v2\/product\/14230"}],"collection":[{"href":"https:\/\/www.saldac.ch\/de\/wp-json\/wp\/v2\/product"}],"about":[{"href":"https:\/\/www.saldac.ch\/de\/wp-json\/wp\/v2\/types\/product"}],"wp:featuredmedia":[{"embeddable":true,"href":"https:\/\/www.saldac.ch\/de\/wp-json\/wp\/v2\/media\/14246"}],"wp:attachment":[{"href":"https:\/\/www.saldac.ch\/de\/wp-json\/wp\/v2\/media?parent=14230"}],"wp:term":[{"taxonomy":"product_cat","embeddable":true,"href":"https:\/\/www.saldac.ch\/de\/wp-json\/wp\/v2\/product_cat?post=14230"},{"taxonomy":"product_tag","embeddable":true,"href":"https:\/\/www.saldac.ch\/de\/wp-json\/wp\/v2\/product_tag?post=14230"}],"curies":[{"name":"wp","href":"https:\/\/api.w.org\/{rel}","templated":true}]}}