{"id":14236,"date":"2024-12-04T12:31:10","date_gmt":"2024-12-04T11:31:10","guid":{"rendered":"https:\/\/www.saldac.ch\/?post_type=product&#038;p=14236"},"modified":"2026-03-31T14:13:39","modified_gmt":"2026-03-31T12:13:39","slug":"pantoufles-bebe-teintures-et-couleurs-naturelles-pure-alpaga","status":"publish","type":"product","link":"https:\/\/www.saldac.ch\/de\/produkt\/pantoufles-bebe-teintures-et-couleurs-naturelles-pure-alpaga\/","title":{"rendered":"Pantoufles b\u00e9b\u00e9 teintures et couleurs naturelles, pure alpaga"},"content":{"rendered":"<p>Uniquement en pr\u00e9commande pour les professionnels. Pantoufles pour b\u00e9b\u00e9 en alpaga. Teintures et couleurs naturelles. 100% alpaga.<\/p>\n<p>Uniquement en pr\u00e9commande<\/p>","protected":false},"excerpt":{"rendered":"<p>Uniquement en pr\u00e9commande pour les professionnels. Pantoufles b\u00e9b\u00e9 teintures et couleurs naturelles, pure alpaga<\/p>","protected":false},"featured_media":0,"template":"","meta":{"inline_featured_image":false},"product_cat":[576],"product_tag":[],"_links":{"self":[{"href":"https:\/\/www.saldac.ch\/de\/wp-json\/wp\/v2\/product\/14236"}],"collection":[{"href":"https:\/\/www.saldac.ch\/de\/wp-json\/wp\/v2\/product"}],"about":[{"href":"https:\/\/www.saldac.ch\/de\/wp-json\/wp\/v2\/types\/product"}],"wp:attachment":[{"href":"https:\/\/www.saldac.ch\/de\/wp-json\/wp\/v2\/media?parent=14236"}],"wp:term":[{"taxonomy":"product_cat","embeddable":true,"href":"https:\/\/www.saldac.ch\/de\/wp-json\/wp\/v2\/product_cat?post=14236"},{"taxonomy":"product_tag","embeddable":true,"href":"https:\/\/www.saldac.ch\/de\/wp-json\/wp\/v2\/product_tag?post=14236"}],"curies":[{"name":"wp","href":"https:\/\/api.w.org\/{rel}","templated":true}]}}