{"id":14237,"date":"2024-12-04T12:31:10","date_gmt":"2024-12-04T11:31:10","guid":{"rendered":"https:\/\/www.saldac.ch\/?post_type=product&#038;p=14237"},"modified":"2026-03-31T14:13:39","modified_gmt":"2026-03-31T12:13:39","slug":"tapis-colonne-en-mouton","status":"publish","type":"product","link":"https:\/\/www.saldac.ch\/de\/produkt\/tapis-colonne-en-mouton\/","title":{"rendered":"Tapis colonne en mouton"},"content":{"rendered":"<p>Uniquement en pr\u00e9commande pour les professionnels. Tapis en laine de mouton et en teintures naturelles. En forme de colonne, id\u00e9al pour la d\u00e9coration murale, le long des couloirs, ou comme descente de lit. 1,60m x 0,30m environ.<\/p>\n<p>Uniquement en pr\u00e9commande<\/p>","protected":false},"excerpt":{"rendered":"<p>Uniquement en pr\u00e9commande pour les professionnels. Tapis colonne en mouton<\/p>","protected":false},"featured_media":14238,"template":"","meta":{"inline_featured_image":false},"product_cat":[576],"product_tag":[],"_links":{"self":[{"href":"https:\/\/www.saldac.ch\/de\/wp-json\/wp\/v2\/product\/14237"}],"collection":[{"href":"https:\/\/www.saldac.ch\/de\/wp-json\/wp\/v2\/product"}],"about":[{"href":"https:\/\/www.saldac.ch\/de\/wp-json\/wp\/v2\/types\/product"}],"wp:featuredmedia":[{"embeddable":true,"href":"https:\/\/www.saldac.ch\/de\/wp-json\/wp\/v2\/media\/14238"}],"wp:attachment":[{"href":"https:\/\/www.saldac.ch\/de\/wp-json\/wp\/v2\/media?parent=14237"}],"wp:term":[{"taxonomy":"product_cat","embeddable":true,"href":"https:\/\/www.saldac.ch\/de\/wp-json\/wp\/v2\/product_cat?post=14237"},{"taxonomy":"product_tag","embeddable":true,"href":"https:\/\/www.saldac.ch\/de\/wp-json\/wp\/v2\/product_tag?post=14237"}],"curies":[{"name":"wp","href":"https:\/\/api.w.org\/{rel}","templated":true}]}}