{"id":17343,"date":"2025-12-17T10:46:50","date_gmt":"2025-12-17T09:46:50","guid":{"rendered":"https:\/\/www.saldac.ch\/?post_type=product&#038;p=17343"},"modified":"2026-04-20T09:03:04","modified_gmt":"2026-04-20T07:03:04","slug":"beurre-de-cacao-non-torrefie-bio-equitable-1kg","status":"publish","type":"product","link":"https:\/\/www.saldac.ch\/de\/produkt\/beurre-de-cacao-non-torrefie-bio-equitable-1kg\/","title":{"rendered":"Unger\u00f6stete Kakaobutter, bio, fair gehandelt, 1kg"},"content":{"rendered":"<p>1-kg-Beutel mit biologischer, unger\u00f6steter Kakaobutter in Bl\u00f6cken, Sorte Criollo, reich an Magnesium.<\/p>\n<p>Zutaten: Kakaobutter<\/p>","protected":false},"excerpt":{"rendered":"<p>5-kg-Beutel mit biologischer, unger\u00f6steter Kakaobutter in Palettenform, Sorte Criollo, reich an Magnesium.<\/p>","protected":false},"featured_media":0,"template":"","meta":{"inline_featured_image":false},"product_cat":[573],"product_tag":[108,60],"_links":{"self":[{"href":"https:\/\/www.saldac.ch\/de\/wp-json\/wp\/v2\/product\/17343"}],"collection":[{"href":"https:\/\/www.saldac.ch\/de\/wp-json\/wp\/v2\/product"}],"about":[{"href":"https:\/\/www.saldac.ch\/de\/wp-json\/wp\/v2\/types\/product"}],"wp:attachment":[{"href":"https:\/\/www.saldac.ch\/de\/wp-json\/wp\/v2\/media?parent=17343"}],"wp:term":[{"taxonomy":"product_cat","embeddable":true,"href":"https:\/\/www.saldac.ch\/de\/wp-json\/wp\/v2\/product_cat?post=17343"},{"taxonomy":"product_tag","embeddable":true,"href":"https:\/\/www.saldac.ch\/de\/wp-json\/wp\/v2\/product_tag?post=17343"}],"curies":[{"name":"wp","href":"https:\/\/api.w.org\/{rel}","templated":true}]}}