{"id":3044,"date":"2020-11-17T12:18:06","date_gmt":"2020-11-17T11:18:06","guid":{"rendered":"https:\/\/www.saldac.ch\/?post_type=product&#038;p=3044"},"modified":"2026-04-02T12:36:41","modified_gmt":"2026-04-02T10:36:41","slug":"acai-90-gr-bio","status":"publish","type":"product","link":"https:\/\/www.saldac.ch\/de\/produkt\/acai-90-gr-bio\/","title":{"rendered":"A\u00e7ai 90 g bio"},"content":{"rendered":"<p>A\u00e7a\u00ed-Pulver hat einen hohen Gehalt an Eisen und Vitamin E. Eisen tr\u00e4gt zur normalen Funktion des Immunsystems bei. Vitamin E hilft, die Zellen vor oxidativem Stress zu sch\u00fctzen. Wichtig ist dabei stets eine abwechslungsreiche und ausgewogene Ern\u00e4hrung sowie ein gesunder Lebensstil.<\/p>\n<p>A\u00e7a\u00ed-Pulver l\u00e4sst sich leicht mit Wasser oder anderen Getr\u00e4nken, Joghurt und Smoothies mischen.<\/p>\n<p>Verwendung: 1 bis 2 Essl\u00f6ffel (ca. 3 bis 6 g) pro Tag.<\/p>\n<p>Zutaten: Gefriergetrocknetes Bio-A\u00e7a\u00ed-Pulver (Euterpe Precatoria).<\/p>\n<p>Herkunftsland: S\u00fcdamerika<\/p>","protected":false},"excerpt":{"rendered":"<p>A\u00e7a\u00ed-Pulver hat einen hohen Gehalt an Eisen und Vitamin E.<br \/>\nVerwendung: 1 bis 2 Essl\u00f6ffel (ca. 3 bis 6 g) pro Tag.<\/p>","protected":false},"featured_media":5335,"template":"","meta":{"inline_featured_image":false},"product_cat":[566],"product_tag":[102],"_links":{"self":[{"href":"https:\/\/www.saldac.ch\/de\/wp-json\/wp\/v2\/product\/3044"}],"collection":[{"href":"https:\/\/www.saldac.ch\/de\/wp-json\/wp\/v2\/product"}],"about":[{"href":"https:\/\/www.saldac.ch\/de\/wp-json\/wp\/v2\/types\/product"}],"wp:featuredmedia":[{"embeddable":true,"href":"https:\/\/www.saldac.ch\/de\/wp-json\/wp\/v2\/media\/5335"}],"wp:attachment":[{"href":"https:\/\/www.saldac.ch\/de\/wp-json\/wp\/v2\/media?parent=3044"}],"wp:term":[{"taxonomy":"product_cat","embeddable":true,"href":"https:\/\/www.saldac.ch\/de\/wp-json\/wp\/v2\/product_cat?post=3044"},{"taxonomy":"product_tag","embeddable":true,"href":"https:\/\/www.saldac.ch\/de\/wp-json\/wp\/v2\/product_tag?post=3044"}],"curies":[{"name":"wp","href":"https:\/\/api.w.org\/{rel}","templated":true}]}}