{"id":839,"date":"2022-12-19T17:39:54","date_gmt":"2022-12-19T16:39:54","guid":{"rendered":"https:\/\/www.saldac.ch\/?post_type=product&#038;p=839"},"modified":"2026-05-08T17:06:29","modified_gmt":"2026-05-08T15:06:29","slug":"chips-de-bananes-plantaines-sales-bio-equitable","status":"publish","type":"product","link":"https:\/\/www.saldac.ch\/de\/produkt\/chips-de-bananes-plantaines-sales-bio-equitable\/","title":{"rendered":"Gesalzene Kochbananen-Chips, bio\/fair, 100 g"},"content":{"rendered":"<h2>Gesalzene Kochbananen-Chips: knusprige und k\u00f6stliche Banane<\/h2>\n<p class=\"translation-block\">Entdecken Sie unsere <strong>Bio-Kochbananen-Chips<\/strong>, die k\u00f6stliche und gesunde Alternative zu klassischen Chips. Ihre knusprige Textur und ihr authentischer Geschmack werden Ihre Geschmacksknospen bei jedem Bissen erfreuen. Perfekt, um Ihre Aperitifs aufzupeppen, ein Fischgericht zu begleiten oder einfach den kleinen Hunger zu stillen \u2013 diese nat\u00fcrlichen K\u00f6stlichkeiten begleiten Sie zu jeder Tageszeit.<\/p>\n<h3>Warum unsere Kochbananen-Chips w\u00e4hlen?<\/h3>\n<p class=\"translation-block\">Unsere <strong>gesalzenen Kochbananen-Chips<\/strong> werden aus sorgf\u00e4ltig ausgew\u00e4hlten <strong>gr\u00fcnen Bio-Kochbananen<\/strong> hergestellt, um eine au\u00dfergew\u00f6hnliche Qualit\u00e4t und Knusprigkeit zu gew\u00e4hrleisten. Schonend frittiert, behalten sie alle N\u00e4hrstoffe der Kochbanane.<\/p>\n<p>Im Unterschied zu industriell hergestellten Chips enth\u00e4lt unser Produkt keinerlei Zusatzstoffe oder k\u00fcnstliche Konservierungsmittel. So k\u00f6nnen Sie sich unbesorgt verw\u00f6hnen, ohne auf Genuss oder Qualit\u00e4t zu verzichten. Eine k\u00f6stliche M\u00f6glichkeit, Ihre Snacks zu variieren und gleichzeitig auf eine ausgewogene Ern\u00e4hrung zu achten.<\/p>\n<h4>N\u00e4hrwertangaben (durchschnittliche Werte pro 100 g)<\/h4>\n<ul>\n<li style=\"list-style-type: none;\">\n<ul>\n<li>Kohlenhydrate: 63,1 g (davon Zucker 0,6 g)<\/li>\n<li>Fett: 28,2 g (davon ges\u00e4ttigte Fetts\u00e4uren 4,3 g)<\/li>\n<li>Eiwei\u00df: 2 g<\/li>\n<li>Salz: 0,94 g<\/li>\n<li>Brennwert: 514 kcal \/ 2 150 kJ<\/li>\n<\/ul>\n<\/li>\n<\/ul>\n<p><strong>Fair-Trade-zertifiziert (WFTO)<\/strong><\/p>","protected":false},"excerpt":{"rendered":"<p>Zum Knabbern zu jeder Tageszeit. Knusprig und lecker.<\/p>","protected":false},"featured_media":14852,"template":"","meta":{"inline_featured_image":false},"product_cat":[575],"product_tag":[108],"_links":{"self":[{"href":"https:\/\/www.saldac.ch\/de\/wp-json\/wp\/v2\/product\/839"}],"collection":[{"href":"https:\/\/www.saldac.ch\/de\/wp-json\/wp\/v2\/product"}],"about":[{"href":"https:\/\/www.saldac.ch\/de\/wp-json\/wp\/v2\/types\/product"}],"wp:featuredmedia":[{"embeddable":true,"href":"https:\/\/www.saldac.ch\/de\/wp-json\/wp\/v2\/media\/14852"}],"wp:attachment":[{"href":"https:\/\/www.saldac.ch\/de\/wp-json\/wp\/v2\/media?parent=839"}],"wp:term":[{"taxonomy":"product_cat","embeddable":true,"href":"https:\/\/www.saldac.ch\/de\/wp-json\/wp\/v2\/product_cat?post=839"},{"taxonomy":"product_tag","embeddable":true,"href":"https:\/\/www.saldac.ch\/de\/wp-json\/wp\/v2\/product_tag?post=839"}],"curies":[{"name":"wp","href":"https:\/\/api.w.org\/{rel}","templated":true}]}}